{"id":27,"date":"2020-08-16T10:54:07","date_gmt":"2020-08-16T08:54:07","guid":{"rendered":"http:\/\/petra-behrens.de\/?page_id=27"},"modified":"2022-10-17T23:38:05","modified_gmt":"2022-10-17T21:38:05","slug":"kontakt","status":"publish","type":"page","link":"https:\/\/petra-behrens.de\/?page_id=27","title":{"rendered":"Kontakt"},"content":{"rendered":"\n<p>Aus rechtlichen und organisatorischen Gr\u00fcnden werden\u00a0Terminanfragen\u00a0f\u00fcr Psychotherapie nur telefonisch                                                                                  ( nicht\u00a0per Email ) entgegengenommen.<\/p>\n\n\n\n<p><strong>Telefonische Sprechzeiten<\/strong><\/p>\n\n\n\n<p>Montag&nbsp;&nbsp;&nbsp;&nbsp;&nbsp;&nbsp;&nbsp;&nbsp;&nbsp;&nbsp;&nbsp;&nbsp;&nbsp;&nbsp;9:00 bis 10:00 Uhr<\/p>\n\n\n\n<p>Mittwoch &nbsp;&nbsp;&nbsp;&nbsp;&nbsp;&nbsp;&nbsp;&nbsp;&nbsp;&nbsp;17:00 bis 18:00 Uhr&nbsp;<\/p>\n\n\n\n<p>Vergabe von Sprechstundenterminen und Erstgespr\u00e4chen<\/p>\n\n\n\n<p>ausschlie\u00dflich&nbsp;unter folgender Nummer:&nbsp;<strong>0157 &#8211; 50110382<\/strong><\/p>\n\n\n\n<p>( au\u00dferhalb der Sprechzeiten kann dort <strong>keine<\/strong> Nachricht hinterlassen werden! )<\/p>\n\n\n\n<p>Adresse der Praxis: &nbsp;&nbsp;<\/p>\n\n\n\n<p>Friedensallee 114<br>22763 Hamburg&nbsp;<br><br>Telefon: 040 \/ 35 71 44 17<\/p>\n","protected":false},"excerpt":{"rendered":"<p>Aus rechtlichen und organisatorischen Gr\u00fcnden werden\u00a0Terminanfragen\u00a0f\u00fcr Psychotherapie nur telefonisch ( nicht\u00a0per Email ) entgegengenommen. Telefonische Sprechzeiten Montag&nbsp;&nbsp;&nbsp;&nbsp;&nbsp;&nbsp;&nbsp;&nbsp;&nbsp;&nbsp;&nbsp;&nbsp;&nbsp;&nbsp;9:00 bis 10:00 Uhr Mittwoch &nbsp;&nbsp;&nbsp;&nbsp;&nbsp;&nbsp;&nbsp;&nbsp;&nbsp;&nbsp;17:00 bis 18:00 Uhr&nbsp; Vergabe von Sprechstundenterminen und Erstgespr\u00e4chen ausschlie\u00dflich&nbsp;unter folgender Nummer:&nbsp;0157 &#8211; 50110382 ( au\u00dferhalb der Sprechzeiten kann dort keine Nachricht hinterlassen werden! ) Adresse der Praxis: &nbsp;&nbsp; Friedensallee 11422763 Hamburg&nbsp; Telefon: 040 [&hellip;]<\/p>\n","protected":false},"author":1,"featured_media":0,"parent":0,"menu_order":0,"comment_status":"closed","ping_status":"closed","template":"","meta":{"footnotes":""},"_links":{"self":[{"href":"https:\/\/petra-behrens.de\/index.php?rest_route=\/wp\/v2\/pages\/27"}],"collection":[{"href":"https:\/\/petra-behrens.de\/index.php?rest_route=\/wp\/v2\/pages"}],"about":[{"href":"https:\/\/petra-behrens.de\/index.php?rest_route=\/wp\/v2\/types\/page"}],"author":[{"embeddable":true,"href":"https:\/\/petra-behrens.de\/index.php?rest_route=\/wp\/v2\/users\/1"}],"replies":[{"embeddable":true,"href":"https:\/\/petra-behrens.de\/index.php?rest_route=%2Fwp%2Fv2%2Fcomments&post=27"}],"version-history":[{"count":7,"href":"https:\/\/petra-behrens.de\/index.php?rest_route=\/wp\/v2\/pages\/27\/revisions"}],"predecessor-version":[{"id":86,"href":"https:\/\/petra-behrens.de\/index.php?rest_route=\/wp\/v2\/pages\/27\/revisions\/86"}],"wp:attachment":[{"href":"https:\/\/petra-behrens.de\/index.php?rest_route=%2Fwp%2Fv2%2Fmedia&parent=27"}],"curies":[{"name":"wp","href":"https:\/\/api.w.org\/{rel}","templated":true}]}}